{"id":1430,"date":"2015-07-16T13:09:18","date_gmt":"2015-07-16T11:09:18","guid":{"rendered":"http:\/\/lasergame.de\/en\/datenschutz\/"},"modified":"2018-05-24T12:07:06","modified_gmt":"2018-05-24T10:07:06","slug":"datenschutz","status":"publish","type":"page","link":"https:\/\/lasergame.de\/en\/datenschutz\/","title":{"rendered":"Datenschutz"},"content":{"rendered":"<p>[vc_row][vc_column]\n\t\t\t<div class=\"box-style-1 heading-shortcode\" id=\"heading-id257503195\">\n\t\t\t\t<div class=\"module-title\"><h2 class=\"title\" style=\"color:; line-height:40px\"><i class=\"fa icon-bolt\"><!----><\/i><span>Datenschutz<\/span><\/h2><div class=\"dotted\"><!----><\/div><\/div>\n\t\t\t<\/div>\n\t\t[\/vc_column][\/vc_row][vc_row][vc_column width=&#8221;1\/3&#8243;][vc_column_text]<\/p>\n<h3>Datenschutzerkl\u00e4rung<\/h3>\n<p>Diese Datenschutzerkl\u00e4rung kl\u00e4rt \u00fcber die Art, den Umfang und Zwecke der Erhebung und Verwendung von Daten der Besucher und Nutzer&nbsp;(nachfolgend zusammenfassend bezeichnet als \u201eNutzer\u201c) durch Inhaber: Stefan Huss, Wettiner Stra\u00dfe 15, 04105 Leipzig (nachfolgend \u201eAnbieter\u201c) als datenschutzrechtlich verantwortliche Stelle auf.<\/p>\n<p>Bei Fragen zum Datenschutz erreichen Sie uns werktags von 9:00 UHR bis 18:00 UHR unter der Telefonnummer +49 (0) 163 \/ 25 46 415 sowie per E-Mail unter info@lasergame.de.<\/p>\n<h3>Zugriffsdaten\/ Server-Logfiles<\/h3>\n<p>Der Anbieter (beziehungsweise sein Webspace-Provider) erhebt Daten \u00fcber jeden Zugriff auf das Angebot (so genannte Serverlogfiles). Zu den Zugriffsdaten geh\u00f6ren:<\/p>\n<p>Name der abgerufenen Webseite, Datum und Uhrzeit des Abrufs, Datei, \u00fcbertragene Datenmenge, Meldung \u00fcber erfolgreichen Abruf, Browsertyp nebst Version, das Betriebssystem des Nutzers, Referrer URL (die zuvor besuchte Seite), IP-Adresse und der anfragende Provider.<\/p>\n<p>Der Anbieter verwendet die Protokolldaten nur f\u00fcr statistische Auswertungen zum Zweck des Betriebs, der Sicherheit und der Optimierung des Angebotes. Der Anbieterbeh\u00e4lt sich jedoch vor, die Protokolldaten nachtr\u00e4glich zu \u00fcberpr\u00fcfen, wenn aufgrund konkreter Anhaltspunkte der berechtigte Verdacht einer rechtswidrigen Nutzung besteht.<\/p>\n<p>&nbsp;<\/p>\n<h3>Erhebung und Nutzung personenbezogener Daten<\/h3>\n<p>Personenbezogene Daten werden vom Anbieter nur dann erhoben und genutzt, wenn dies gesetzlich erlaubt ist oder die Nutzer&nbsp;in die Datenerhebung einwilligen. In der Regel ist es f\u00fcr die Nutzer&nbsp;bei der Nutzung des Dienstes erkennbar welche Daten gespeichert werden, so zum Beispiel Name, E-Mailadresse und Nachricht bei der Nutzung des Bestell bzw. Buchungformulars.<br \/>\nDie zum Zwecke der Bestellung von Waren angegebenen pers\u00f6nlichen Daten (wie zum Beispiel Name, E-Mail-Adresse, Anschrift, Zahlungsdaten) werden vom Verk\u00e4ufer zur Erf\u00fcllung und Abwicklung des Vertrags verwendet. Diese Daten werden vertraulich behandelt, verschl\u00fcsselt \u00fcbertragen und nicht an Dritte weitergegeben, die nicht am Bestell-, Auslieferungs- und Zahlungsvorgang beteiligt sind.<br \/>\nBei der Kontaktaufnahme mit dem Anbieter (per Kontaktformular oder Email) werden die Angaben des Nutzers&nbsp;zwecks Bearbeitung der Anfrage sowie f\u00fcr den Fall, dass Anschlussfragen entstehen, gespeichert.<\/p>\n<p>Der Anbieter hat organisatorische, vertragliche und technische Sicherheitsma\u00dfnahmen getroffen, um sicher zu stellen, dass die Vorschriften der Datenschutzgesetze eingehalten werden und zuf\u00e4llige oder vors\u00e4tzliche Manipulationen, Verlust, Zerst\u00f6rung oder der Zugriff unberechtigter Personen verhindert wird.<\/p>\n<h3>Umgang mit personenbezogenen Daten<\/h3>\n<p>Personenbezogene Daten sind Informationen, mit deren Hilfe eine Person bestimmbar ist, also Angaben, die zur\u00fcck zu einer Person verfolgt werden k\u00f6nnen. Dazu geh\u00f6ren der Name, die Emailadresse oder die Telefonnummer. Aber auch Daten \u00fcber Vorlieben, Hobbies, Mitgliedschaften oder welche Webseiten von jemandem angesehen wurden z\u00e4hlen zu personenbezogenen Daten.<\/p>\n<p>Personenbezogene Daten werden von dem Anbieter nur dann erhoben, genutzt und weiter gegeben, wenn dies gesetzlich erlaubt ist oder die Nutzer in die Datenerhebung einwilligen.<\/p>\n<h3>Kontaktaufnahme<\/h3>\n<p>Bei der Kontaktaufnahme mit dem Anbieter (zum Beispiel per Kontaktformular, Facebook Live-Chat, Buchungsformular oder E-Mail) werden die Angaben des Nutzers zwecks Bearbeitung der Anfrage sowie f\u00fcr den Fall, dass Anschlussfragen entstehen, gespeichert.<\/p>\n<h3>Datenweiterleitung an Dritte<\/h3>\n<p>Die Daten der Nutzer&nbsp;werden nur dann an Dritte weiter geleitet, wenn dies gesetzlich erlaubt ist oder ein Nutzer&nbsp;in die Weiterleitung eingewilligt hat.<br \/>\nDas ist zum Beispiel der Fall wenn die Weiterleitung der Daten der Erf\u00fcllung vertraglicher Verpflichtungen gegen\u00fcber dem Nutzer&nbsp;dient und die Postadresse nach einer Shopbestellung an ein Speditionsunternehmen \u00fcbergeben wird. Oder falls die Daten von zust\u00e4ndigen Stellen wie Strafverfolgungsbeh\u00f6rden angefordert werden.<br \/>\nDie personenbezogenen Daten der Nutzer&nbsp;werden keineswegs an Dritte zu Werbezwecken oder zwecks Erstellung von Nutzerprofilen verkauft oder weitergeleitet.<\/p>\n<h3>Cookies<\/h3>\n<p>Cookies sind kleine Dateien, die es erm\u00f6glichen, auf dem Zugriffsger\u00e4t der Nutzer (PC, Smartphone o. \u00e4.) spezifische, auf das Ger\u00e4t bezogene Informationen zu speichern. Sie dienen zum einem der Benutzerfreundlichkeit von Webseiten und damit den Nutzern (z. B. Speicherung von Logindaten). Zum anderen dienen sie, um die statistische Daten der Webseitennutzung zu erfassen und sie zwecks Verbesserung des Angebotes analysieren zu k\u00f6nnen. Die Nutzer k\u00f6nnen auf den Einsatz der Cookies Einfluss nehmen. Die meisten Browser verf\u00fcgen eine Option mit der das Speichern von Cookies eingeschr\u00e4nkt oder durch eine entsprechende Einstellung ihrer Browser-Software verhindert wird. Dabei kann es jedoch dazu kommen, dass nicht alle Funktionen einer Website insbesondere der Nutzungskomfort ohne Cookies eingeschr\u00e4nkt werden. Internetuser k\u00f6nnen dar\u00fcber hinaus die Erfassung der durch das Cookie erzeugten und auf ihre Nutzung der Website bezogenen Daten (z. B. der IP-Adresse) sowie die Verarbeitung der Daten verhindern, indem sie PlugIns nutzen (Opt-out, z. B. bei Google Analytics Cookies).<\/p>\n<h3 id=\"dsg-thirdparty-googlemaps\">Google Maps<\/h3>\n<p><span id=\"thirdparty-googlemaps\" class=\"ts-muster-generator-wrap ts-muster-id-thirdparty-googlemaps\"><span class=\"ts-muster-content\">Wir binden die Landkarten des Dienstes \u201cGoogle Maps\u201d des Anbieters Google LLC, 1600 Amphitheatre Parkway, Mountain View, CA 94043, USA, ein. Zu den verarbeiteten Daten k\u00f6nnen insbesondere IP-Adressen und Standortdaten der Nutzer geh\u00f6ren, die jedoch nicht ohne deren Einwilligung (im Regelfall im Rahmen der Einstellungen ihrer Mobilger\u00e4te -Standort aktivieren- vollzogen), erhoben werden. Die Daten k\u00f6nnen in den USA verarbeitet werden. Datenschutzerkl\u00e4rung: <a href=\"https:\/\/www.google.com\/policies\/privacy\/\" target=\"_blank\" rel=\"noopener\">https:\/\/www.google.com\/policies\/privacy\/<\/a>, Opt-Out: <a href=\"https:\/\/adssettings.google.com\/authenticated\" target=\"_blank\" rel=\"noopener\">https:\/\/adssettings.google.com\/authenticated<\/a>.<\/span><\/span>[\/vc_column_text][\/vc_column][vc_column width=&#8221;1\/3&#8243;][vc_column_text]<\/p>\n<h3 id=\"dsg-thirdparty-googlefonts\">Google Fonts<\/h3>\n<p><span id=\"thirdparty-googlefonts\" class=\"ts-muster-generator-wrap ts-muster-id-thirdparty-googlefonts\"><span class=\"ts-muster-content\">Wir binden die Schriftarten (&#8220;Google Fonts&#8221;) des Anbieters Google LLC, 1600 Amphitheatre Parkway, Mountain View, CA 94043, USA, ein. Datenschutzerkl\u00e4rung: <a href=\"https:\/\/www.google.com\/policies\/privacy\/\" target=\"_blank\" rel=\"noopener\">https:\/\/www.google.com\/policies\/privacy\/<\/a>, Opt-Out: <a href=\"https:\/\/adssettings.google.com\/authenticated\" target=\"_blank\" rel=\"noopener\">https:\/\/adssettings.google.com\/authenticated<\/a>.<\/span><\/span><\/p>\n<h3>Google Analytics<\/h3>\n<p>Diese Webseite benutzt Google Analytics, einen Webanalysedienst der Google Inc. (\u201eGoogle\u201c). Google verwendet Cookies. Google Analytics verwendet sog. \u201cCookies\u201c, Textdateien, die auf Ihrem Computer gespeichert werden und die eine Analyse der Benutzung der Website durch Sie erm\u00f6glicht. Die durch das Cookie erzeugten Informationen \u00fcber die Benutzung des Onlineangebotes durch die Nutzer werden in der Regel an einen Server von Google in den USA \u00fcbertragen und dort gespeichert.<br \/>\nGoogle wird diese Informationen in unserem Auftrag benutzen, um die Nutzung unseres Onlineangebotes durch die Nutzer auszuwerten, um Reports \u00fcber die Aktivit\u00e4ten innerhalb dieses Onlineangebotes zusammenzustellen und um weitere mit der Nutzung dieses Onlineangebotes und der Internetnutzung verbundene Dienstleistungen uns gegen\u00fcber zu erbringen. Dabei k\u00f6nnen aus den verarbeiteten Daten pseudonyme Nutzungsprofile der Nutzer erstellt werden.<\/p>\n<p>Du kannst \u00fcber den folgenden Link die Verarbeitung deiner Daten an Google Analytics verbieten: <a href=\"javascript:gaoo_handle_optout();\" id=\"gaoo-link\" class=\"gaoo-link-deactivate\">Verbiete Google Analytics, mich zu verfolgen.<\/a><\/p>\n<p>Wir nutzen Google Analytics nur mit aktivierter IP-Anonymisierung. Das bedeutet, die IP-Adresse der Nutzer wird von Google innerhalb von Mitgliedstaaten der Europ\u00e4ischen Union oder in anderen Vertragsstaaten des Abkommens \u00fcber den Europ\u00e4ischen Wirtschaftsraum gek\u00fcrzt. Nur in Ausnahmef\u00e4llen wird die volle IP-Adresse an einen Server von Google in den USA \u00fcbertragen und dort gek\u00fcrzt. Die von dem Browser des Nutzers \u00fcbermittelte IP-Adresse wird nicht mit anderen Daten von Google zusammengef\u00fchrt.<\/p>\n<p>Die Nutzer k\u00f6nnen die Speicherung der Cookies durch eine entsprechende Einstellung ihrer Browser-Software verhindern; die Nutzer k\u00f6nnen dar\u00fcber hinaus die Erfassung der durch das Cookie erzeugten und auf ihre Nutzung des Onlineangebotes bezogenen Daten an Google sowie die Verarbeitung dieser Daten durch Google verhindern, indem sie das unter dem folgenden Link verf\u00fcgbare Browser-Plugin herunterladen und installieren: http:\/\/tools.google.com\/dlpage\/gaoptout?hl=de.<\/p>\n<p>Weitere Informationen zur Datennutzung zu Werbezwecken durch Google, Einstellungs- und Widerspruchsm\u00f6glichkeiten erfahren Sie auf den Webseiten von Google: https:\/\/www.google.com\/intl\/de\/policies\/privacy\/partners\/ (\u201eDatennutzung durch Google bei Ihrer Nutzung von Websites oder Apps unserer Partner\u201c), http:\/\/www.google.com\/policies\/technologies\/ads (\u201eDatennutzung zu Werbezwecken\u201c), http:\/\/www.google.de\/settings\/ads (\u201eInformationen verwalten, die Google verwendet, um Ihnen Werbung einzublenden\u201c) und http:\/\/www.google.com\/ads\/preferences\/ (\u201eBestimmen Sie, welche Werbung Google Ihnen zeigt\u201c).<\/p>\n<p>Au\u00dferdem haben wir mit der Google Ireland Ltd., Gordon House, Barrow Street, Dublin 4, Ireland, einen Auftragsdatenverarbeitungsvertrag geschlossen.<\/p>\n<h3>Google AdSense<\/h3>\n<p>Diese Website verwendet Google AdSense. Dies ist ein Dienst der Google Inc., 1600 Amphitheatre Parkway, Mountain View, CA 94043, USA, mit dem Werbeanzeigen auf Internetseiten eingebunden werden k\u00f6nnen. Google AdSense verwendet sogenannte Cookies. Die Cookies sind Dateien. Durch die Speicherung der Cookies auf Ihrem Computer kann Google deine Benutzung dieser Internetseite analysieren. Bei Google AdSense werden zudem auch sogenannte Web Beacons verwendet. Das sind nicht sichtbare Grafiken. Damit kann Google Informationen, wie zum Beispiel die Klicks auf diese Internetseite oder den Verkehr auf dieser, analysieren.<\/p>\n<p>Die genannten Informationen, Ihre IP-Adresse und die Auslieferung von Werbeformaten werden an die Google-Server in den USA \u00fcbermittelt und von diesen gespeichert. Diese gesamten Informationen wird Google m\u00f6glicherweise an Dritte weitergeben, wenn dies von Gesetzes wegen gefordert ist oder f\u00fcr den Fall, dass Dritte von Google beauftragt werden, diese Datenverarbeitung vorzunehmen. Google wird deine IP-Adresse jedoch nicht mit anderen von deinen gespeicherten Daten zusammenf\u00fchren.<\/p>\n<p>Du hast die M\u00f6glichkeit, zu verhindern, dass die genannten Cookies auf deinem Computer gespeichert wird. Dazu musst du an deinem Internetbrowser eine dementsprechende Einstellung vornehmen. Allerdings besteht dann die M\u00f6glichkeit, dass diese Internetseite f\u00fcr dich nur eingeschr\u00e4nkt nutzbar ist. Durch die Nutzung der Website erkl\u00e4rst du dich mit der Bearbeitung der \u00fcber dich erhobenen Daten durch Google in der zuvor beschriebenen Art und Weise und zu dem zuvor benannten Zweck einverstanden.<\/p>\n<h3><strong>Verwendung von Remarketing-Funktion der Google Inc. <\/strong><\/h3>\n<p>Der Anbieter verwendet auf der Webseite die Remarketing-Funktion der Google Inc. (\u201eGoogle\u201c). Mittels dieser Funktion kann der Anbieter die Besucher der Webseite zielgerichtet mit Werbung ansprechen, indem f\u00fcr Besucher der Webseite des Anbieters personalisierte, interessenbezogene Werbung-Anzeigen geschaltet werden, wenn sie andere Webseiten im Google Display-Netzwerk besuchen. Zur Durchf\u00fchrung der Analyse der Webseitennutzung, welche die Grundlage f\u00fcr die Erstellung der interessenbezogenen Werbeanzeigen bildet, setzt Google sog. Cookies ein. Hierzu speichert Google eine kleine Datei mit einer Zahlenfolge in den Browsern der Besucher der Webseite. \u00dcber diese Zahl werden die Besuche der Webseite sowie anonymisierte Daten \u00fcber die Nutzung der Webseite erfasst. Es erfolgt keine Speicherung von personenbezogenen Daten der Besucher der Webseite. Besuchen Sie nachfolgend eine andere Webseite im Google Display-Netzwerk werden Ihnen Werbeeinblendungen angezeigt, die mit hoher Wahrscheinlichkeit zuvor aufgerufene Produkt- und Informationsbereiche ber\u00fccksichtigen. Das Speichern von Cookies auf deiner Festplatte kannst du verhindern, indem du entsprechende&nbsp; Browser-Einstellungen vornimmst; wir weisen dich jedoch darauf hin, dass du in diesem Fall gegebenenfalls nicht s\u00e4mtliche Funktionen dieser Website voll umf\u00e4nglich nutzen kannst. Durch die Nutzung dieser Website erkl\u00e4rst du dich mit der Bearbeitung der \u00fcber sich erhobenen Daten durch Google in der zuvor beschriebenen Art und Weise und zu dem zuvor benannten Zweck einverstanden.<\/p>\n<p>&nbsp;[\/vc_column_text][\/vc_column][vc_column width=&#8221;1\/3&#8243;][vc_column_text]<\/p>\n<h3>Verwendung von Facebook Social Plugins<\/h3>\n<p>Diese Webseite verwendet Social Plugins (\u201ePlugins\u201c) des sozialen Netzwerkes facebook.com, welches von der Facebook Ireland Ltd., 4 Grand Canal Square, Grand Canal Harbour, Dublin 2, Irland betrieben wird (\u201eFacebook\u201c). Die Plugins sind an einem der Facebook Logos erkennbar (wei\u00dfes \u201ef\u201c auf blauer Kachel, den Begriffen \u201eLike\u201c, \u201eGef\u00e4llt mir\u201c oder einem \u201eDaumen hoch\u201c-Zeichen). Die Liste und das Aussehen der Facebook Social Plugins kann hier eingesehen werden: https:\/\/developers.facebook.com\/docs\/plugins\/.<\/p>\n<p>Wenn ein Nutzer eine Webseite dieses Angebots aufruft, die ein solches Plugin enth\u00e4lt, baut sein Browser eine direkte Verbindung mit den Servern von Facebook auf. Der Inhalt des Plugins wird von Facebook direkt an deinen Browser \u00fcbermittelt und von diesem in die Webseite eingebunden. Der Anbieter hat daher keinen Einfluss auf den Umfang der Daten, die Facebook mit Hilfe dieses Plugins erhebt und informiert die Nutzer daher entsprechend seinem Kenntnisstand:<\/p>\n<p>Durch die Einbindung der Plugins erh\u00e4lt Facebook die Information, dass ein Nutzer die entsprechende Seite des Angebots aufgerufen hat. Ist der Nutzer bei Facebook eingeloggt, kann Facebook den Besuch seinem Facebook-Konto zuordnen. Wenn Nutzer mit den Plugins interagieren, zum Beispiel den Like Button bet\u00e4tigen oder einen Kommentar abgeben, wird die entsprechende Information von Ihrem Browser direkt an Facebook \u00fcbermittelt und dort gespeichert. Falls ein Nutzer kein Mitglied von Facebook ist, besteht trotzdem die M\u00f6glichkeit, dass Facebook seine IP-Adresse in Erfahrung bringt und speichert. Laut Facebook wird in Deutschland nur eine anonymisierte IP-Adresse gespeichert.<\/p>\n<p>Zweck und Umfang der Datenerhebung und die weitere Verarbeitung und Nutzung der Daten durch Facebook sowie die diesbez\u00fcglichen Rechte und Einstellungsm\u00f6glichkeiten zum Schutz der Privatsph\u00e4re der Nutzer , k\u00f6nnen diese den Datenschutzhinweisen von Facebook entnehmen: https:\/\/www.facebook.com\/about\/privacy\/.<\/p>\n<p>Wenn ein Nutzer Facebookmitglied ist und nicht m\u00f6chte, dass Facebook \u00fcber dieses Angebot Daten \u00fcber ihn sammelt und mit seinen bei Facebook gespeicherten Mitgliedsdaten verkn\u00fcpft, muss er sich vor dem Besuch des Internetauftritts bei Facebook ausloggen. Weitere Einstellungen und Widerspr\u00fcche zur Nutzung von Daten f\u00fcr Werbezwecke, sind innerhalb der Facebook-Profileinstellungen m\u00f6glich: https:\/\/www.facebook.com\/settings?tab=ads.<\/p>\n<h3>+1 Schaltfl\u00e4che von Google+<\/h3>\n<p>Auf diesem Onlineangebot werden die Schaltfl\u00e4chen des sozialen Netzwerkes Google+ verwendet (z.B. &#8220;+1&#8221;-Schaltfl\u00e4che), welches von der Google Inc., 1600 Amphitheatre Parkway, Mountain View, CA 94043, United States betrieben wird (\u201cGoogle\u201d). Wenn ein Nutzer eine Webseite dieses Onlineangebotes aufruft, die eine solche Schaltfl\u00e4che enth\u00e4lt, baut der Browser eine direkte Verbindung mit den Servern von Google auf. Der Inhalt der Schaltfl\u00e4chen wird von Google direkt an seinen Browser \u00fcbermittelt und von diesem in die Webseite eingebunden. Der Anbieter hat daher keinen Einfluss auf den Umfang der Daten, die Google mit den Schaltfl\u00e4chen erhebt.<br \/>\nLaut Google werden ohne einen Klick auf die Schaltfl\u00e4che keine personenbezogenen Daten erhoben. Nur bei eingeloggten Mitgliedern von Google+, werden solche Daten, unter anderem die IP-Adresse, erhoben und verarbeitet. Zweck und Umfang der Datenerhebung und die weitere Verarbeitung und Nutzung der Daten durch Google sowie die diesbez\u00fcglichen Rechte und Einstellungsm\u00f6glichkeiten der Nutzer zum Schutz Ihrer Privatsph\u00e4re k\u00f6nnen Googles Datenschutzhinweisen zu der \u201c+1\u2033-Schaltfl\u00e4che entnommen werden: http:\/\/www.google.com\/intl\/de\/+\/policy\/+1button.html und der FAQ: http:\/\/bit.ly\/r3Qmer. Wenn ein Nutzer Google+ Mitglied ist und nicht m\u00f6chte, dass Google \u00fcber diesen Internetauftritt Daten \u00fcber ihn sammelt und mit Ihren bei Google gespeicherten Mitgliedsdaten verkn\u00fcpft, muss der Nutzer sich vor seinem Besuch dieses Internetauftritts bei Google Plus ausloggen und die zu Google geh\u00f6renden Cookies innerhalb des Browsers l\u00f6schen.<\/p>\n<h3>Nutzung der Twitter-Schaltfl\u00e4chen<\/h3>\n<p>Auf diesem Onlineangebot werden die Schaltfl\u00e4chen des Dienstes Twitter eingesetzt. Diese Schaltfl\u00e4chen (z.B. &#8220;Twittern&#8221; oder &#8220;Folgen&#8221;) werden angeboten durch die Twitter Inc., 795 Folsom St., Suite 600, San Francisco, CA 94107, USA.<br \/>\nWenn ein Nutzer eine Webseite dieses Internetauftritts aufruft, die einen solchen Button enth\u00e4lt, baut sein Browser eine direkte Verbindung mit den Servern von Twitter auf. Der Inhalt des Twitter-Schaltfl\u00e4chen wird von Twitter direkt an den Browser des Nutzers \u00fcbermittelt. Der Anbieter hat daher keinen Einfluss auf den Umfang der Daten, die Twitter mit Hilfe dieses Plugins erhebt und informiert die Nutzer entsprechend seinem Kenntnisstand. Nach diesem wird lediglich die IP-Adresse des Nutzers die URL der jeweiligen Webseite beim Bezug der Schaltfl\u00e4che mit \u00fcbermittelt, aber nicht f\u00fcr andere Zwecke, als die Darstellung des Buttons, genutzt. Weitere Informationen hierzu finden sich in der Datenschutzerkl\u00e4rung von Twitter unter http:\/\/twitter.com\/privacy.<\/p>\n<h3>Widerruf, \u00c4nderungen, Berichtigungen und Aktualisierungen<\/h3>\n<p>Der Nutzer hat das Recht, auf Antrag unentgeltlich Auskunft zu erhalten \u00fcber die personenbezogenen Daten, die \u00fcber ihn gespeichert wurden und eine Kopie dieser Auskunft zu erhalten.<\/p>\n<p>Zus\u00e4tzlich hat der Nutzer das Recht auf Berichtigung sie betreffender unrichtiger personenbezogener Daten zu verlangen. Ferner steht der betroffenen Person das Recht zu, unter Ber\u00fccksichtigung der Zwecke der Verarbeitung, die Vervollst\u00e4ndigung unvollst\u00e4ndiger personenbezogener Daten \u2014 auch mittels einer erg\u00e4nzenden Erkl\u00e4rung \u2014 zu verlangen, Desweiteren hat der Nutzer das Recht, die Sperrung und L\u00f6schung seiner personenbezogenen Daten zu verlangen, soweit dem keine gesetzliche Aufbewahrungspflicht entgegensteht.<\/p>\n<p>Jeder von der Verarbeitung personenbezogener Daten betroffener Nutzer hat das Recht, eine Einwilligung zur Verarbeitung personenbezogener Daten jederzeit zu widerrufen.<\/p>\n<p>M\u00f6chte die betroffene Person ihr Recht auf Widerruf einer Einwilligung geltend machen, kann sie sich hierzu jederzeit an einen Mitarbeiter des f\u00fcr die Verarbeitung Verantwortlichen wenden.<\/p>\n<p>&nbsp;[\/vc_column_text][\/vc_column][\/vc_row]<\/p>\n","protected":false},"excerpt":{"rendered":"<p>[vc_row][vc_column][\/vc_column][\/vc_row][vc_row][vc_column width=&#8221;1\/3&#8243;][vc_column_text] Datenschutzerkl\u00e4rung Diese Datenschutzerkl\u00e4rung kl\u00e4rt \u00fcber die Art, den Umfang und Zwecke der Erhebung und Verwendung von Daten der Besucher und Nutzer&nbsp;(nachfolgend zusammenfassend bezeichnet als \u201eNutzer\u201c) durch Inhaber: Stefan Huss, Wettiner Stra\u00dfe 15, 04105 Leipzig (nachfolgend \u201eAnbieter\u201c) als datenschutzrechtlich verantwortliche Stelle auf. Bei Fragen zum Datenschutz erreichen Sie uns werktags von 9:00 UHR bis<\/p>\n","protected":false},"author":1,"featured_media":0,"parent":0,"menu_order":0,"comment_status":"closed","ping_status":"closed","template":"page-templates\/full-width.php","meta":{"ngg_post_thumbnail":0},"_links":{"self":[{"href":"https:\/\/lasergame.de\/en\/wp-json\/wp\/v2\/pages\/1430"}],"collection":[{"href":"https:\/\/lasergame.de\/en\/wp-json\/wp\/v2\/pages"}],"about":[{"href":"https:\/\/lasergame.de\/en\/wp-json\/wp\/v2\/types\/page"}],"author":[{"embeddable":true,"href":"https:\/\/lasergame.de\/en\/wp-json\/wp\/v2\/users\/1"}],"replies":[{"embeddable":true,"href":"https:\/\/lasergame.de\/en\/wp-json\/wp\/v2\/comments?post=1430"}],"version-history":[{"count":6,"href":"https:\/\/lasergame.de\/en\/wp-json\/wp\/v2\/pages\/1430\/revisions"}],"predecessor-version":[{"id":1520,"href":"https:\/\/lasergame.de\/en\/wp-json\/wp\/v2\/pages\/1430\/revisions\/1520"}],"wp:attachment":[{"href":"https:\/\/lasergame.de\/en\/wp-json\/wp\/v2\/media?parent=1430"}],"curies":[{"name":"wp","href":"https:\/\/api.w.org\/{rel}","templated":true}]}}