{"id":7,"date":"2015-02-06T13:30:20","date_gmt":"2015-02-06T13:30:20","guid":{"rendered":"http:\/\/lasergame.de\/en\/impressum\/"},"modified":"2015-05-02T10:41:42","modified_gmt":"2015-05-02T08:41:42","slug":"impressum","status":"publish","type":"page","link":"https:\/\/lasergame.de\/en\/impressum\/","title":{"rendered":"Impressum"},"content":{"rendered":"<p>[vc_row][vc_column width=&#8221;1\/1&#8243;]<style type=\"text\/css\" scoped=\"scoped\">\n\t\t\t\t#heading-id1993069288{padding-top:px; padding-bottom:30px}\n\t\t\t<\/style>\n\t\t\t<div class=\"box-style-1 heading-shortcode\" id=\"heading-id1993069288\">\n\t\t\t\t<div class=\"module-title\"><h2 class=\"title\" style=\"color:; line-height:40px\"><i class=\"fa icon-bolt\"><!----><\/i><span>Impressum<\/span><\/h2><div class=\"dotted\"><!----><\/div><\/div>\n\t\t\t<\/div>\n\t\t[\/vc_column][\/vc_row][vc_row][vc_column width=&#8221;1\/3&#8243;][vc_column_text]<\/p>\n<div class=\"entry-content\">\n<div class=\"container\">\n<h3>Anschrift<\/h3>\n<p><strong>Lasergame Deutschland (UG haftungsbeschr\u00e4nkt)<\/strong><br \/>\nWettiner Stra\u00dfe 15<br \/>\n04105 Leipzig<\/p>\n<p><i class=\"icon-envelope-alt\"><\/i> info@lasergame.de\/en<br \/>\n<i class=\"icon-phone\"><\/i> +49 (0) 163 25 46 415<\/p>\n<p><strong>Vertreten durch den Gesch\u00e4ftsf\u00fchrer<\/strong><br \/>\nHerrn Stefan Huss<\/p>\n<\/div>\n<\/div>\n<p>[\/vc_column_text][\/vc_column][vc_column width=&#8221;1\/3&#8243;][vc_column_text]<\/p>\n<h3>Registrierung<\/h3>\n<p>Handelsregister: HRB 28023 Leipzig<br \/>\nSteuernummer: 231\/234\/00801<br \/>\nUmsatzsteuer-Identifikationsnummer: DE<\/p>\n<h3>Information<\/h3>\n<p>Alle Angaben gem\u00e4\u00df dem Teledienstgesetz.<\/p>\n<h3>Grafische und technische Umsetzung<\/h3>\n<p><a title=\"Grafikstudio lagqaffe\" href=\"http:\/\/lagqaffe.de\/\" target=\"_blank\">Grafikstudio lagqaffe<\/a> und Geegrafix &#8211; David Gabler[\/vc_column_text][\/vc_column][vc_column width=&#8221;1\/3&#8243;][vc_column_text]<\/p>\n<h3>Haftung<\/h3>\n<p>Diese Website wurde mit gr\u00f6\u00dftm\u00f6glicher Sorgfalt zusammengestellt. Trotzdem k\u00f6nnen wir f\u00fcr die Fehlerfreiheit und Genauigkeit der enthaltenen Informationen nicht garantieren. Wir schlie\u00dfen jegliche Haftung f\u00fcr Sch\u00e4den, die direkt oder indirekt aus der Benutzung dieser Website entstehen, aus. Die Mugler Masterpack GmbH \u00fcbernimmt keine Haftung f\u00fcr die Inhalte externer Links. F\u00fcr den Inhalt der verlinkten Seiten sind ausschlie\u00dflich deren Betreiber verantwortlich.[\/vc_column_text][\/vc_column][\/vc_row]<\/p>\n","protected":false},"excerpt":{"rendered":"<p>[vc_row][vc_column width=&#8221;1\/1&#8243;][\/vc_column][\/vc_row][vc_row][vc_column width=&#8221;1\/3&#8243;][vc_column_text] Anschrift Lasergame Deutschland (UG haftungsbeschr\u00e4nkt) Wettiner Stra\u00dfe 15 04105 Leipzig info@lasergame.de\/en +49 (0) 163 25 46 415 Vertreten durch den Gesch\u00e4ftsf\u00fchrer Herrn Stefan Huss [\/vc_column_text][\/vc_column][vc_column width=&#8221;1\/3&#8243;][vc_column_text] Registrierung Handelsregister: HRB 28023 Leipzig Steuernummer: 231\/234\/00801 Umsatzsteuer-Identifikationsnummer: DE Information Alle Angaben gem\u00e4\u00df dem Teledienstgesetz. Grafische und technische Umsetzung Grafikstudio lagqaffe und Geegrafix &#8211; David Gabler[\/vc_column_text][\/vc_column][vc_column<\/p>\n","protected":false},"author":1,"featured_media":0,"parent":0,"menu_order":0,"comment_status":"closed","ping_status":"open","template":"page-templates\/full-width.php","meta":{"ngg_post_thumbnail":0},"_links":{"self":[{"href":"https:\/\/lasergame.de\/en\/wp-json\/wp\/v2\/pages\/7"}],"collection":[{"href":"https:\/\/lasergame.de\/en\/wp-json\/wp\/v2\/pages"}],"about":[{"href":"https:\/\/lasergame.de\/en\/wp-json\/wp\/v2\/types\/page"}],"author":[{"embeddable":true,"href":"https:\/\/lasergame.de\/en\/wp-json\/wp\/v2\/users\/1"}],"replies":[{"embeddable":true,"href":"https:\/\/lasergame.de\/en\/wp-json\/wp\/v2\/comments?post=7"}],"version-history":[{"count":3,"href":"https:\/\/lasergame.de\/en\/wp-json\/wp\/v2\/pages\/7\/revisions"}],"predecessor-version":[{"id":1302,"href":"https:\/\/lasergame.de\/en\/wp-json\/wp\/v2\/pages\/7\/revisions\/1302"}],"wp:attachment":[{"href":"https:\/\/lasergame.de\/en\/wp-json\/wp\/v2\/media?parent=7"}],"curies":[{"name":"wp","href":"https:\/\/api.w.org\/{rel}","templated":true}]}}